{"id":3066,"date":"2026-02-23T22:29:27","date_gmt":"2026-02-23T21:29:27","guid":{"rendered":"https:\/\/eurekamaths.fr\/wpe\/?page_id=3066"},"modified":"2026-03-19T09:12:18","modified_gmt":"2026-03-19T08:12:18","slug":"semaine-des-mathematiques-2026","status":"publish","type":"page","link":"https:\/\/eurekamaths.fr\/wpe\/index.php\/semaine-des-mathematiques-2026\/","title":{"rendered":"Semaine des math\u00e9matiques 2026"},"content":{"rendered":"<p>Dans le cadre de la <a href=\"https:\/\/eduscol.education.fr\/3493\/semaine-des-mathematiques\">Semaine des math\u00e9matiques<\/a>, qui a pour th\u00e8me cette ann\u00e9e \u00ab\u00a0\u00c9galit\u00e9s \u00bb, Eur\u00eakamaths propose chaque jour du lundi 16 au vendredi 20 mars une \u00e9nigme pour les CM1, CM2, 6<sup>es<\/sup> et 5<sup>es<\/sup>. Elles seront publi\u00e9es sur cette page jour apr\u00e8s jour.<\/p>\n<p>Ces \u00e9nigmes seront doubl\u00e9es par une version interactive pour les classes ou leurs professeurs enregistr\u00e9s \u00e0 notre site. Cette version permet de valider imm\u00e9diatement le r\u00e9sultat que la classe saisira.<\/p>\n<p><img loading=\"lazy\" decoding=\"async\" class=\"alignnone wp-image-3116 size-full\" src=\"https:\/\/eurekamaths.fr\/wpe\/wp-content\/uploads\/2026\/03\/SDM26.gemini_704_384-1.png\" alt=\"\" width=\"704\" height=\"384\" srcset=\"https:\/\/eurekamaths.fr\/wpe\/wp-content\/uploads\/2026\/03\/SDM26.gemini_704_384-1.png 704w, https:\/\/eurekamaths.fr\/wpe\/wp-content\/uploads\/2026\/03\/SDM26.gemini_704_384-1-300x164.png 300w\" sizes=\"auto, (max-width: 704px) 100vw, 704px\" \/><\/p>\n","protected":false},"excerpt":{"rendered":"<p>Dans le cadre de la Semaine des math\u00e9matiques, qui a pour th\u00e8me cette ann\u00e9e \u00ab\u00a0\u00c9galit\u00e9s \u00bb, Eur\u00eakamaths propose chaque jour du lundi 16 au vendredi 20 mars une \u00e9nigme pour les CM1, CM2, 6es et 5es. Elles seront publi\u00e9es sur cette page jour apr\u00e8s jour. Ces \u00e9nigmes seront doubl\u00e9es par une version interactive pour les &#8230; <a title=\"Semaine des math\u00e9matiques 2026\" class=\"read-more\" href=\"https:\/\/eurekamaths.fr\/wpe\/index.php\/semaine-des-mathematiques-2026\/\" aria-label=\"En savoir plus sur Semaine des math\u00e9matiques 2026\">Lire la suite<\/a><\/p>\n","protected":false},"author":4721,"featured_media":0,"parent":0,"menu_order":0,"comment_status":"closed","ping_status":"closed","template":"","meta":{"footnotes":""},"class_list":["post-3066","page","type-page","status-publish"],"jetpack_sharing_enabled":true,"publishpress_future_action":{"enabled":false,"date":"2026-05-02 14:55:03","action":"change-status","newStatus":"draft","terms":[],"taxonomy":"","extraData":[]},"publishpress_future_workflow_manual_trigger":{"enabledWorkflows":[]},"_links":{"self":[{"href":"https:\/\/eurekamaths.fr\/wpe\/index.php\/wp-json\/wp\/v2\/pages\/3066","targetHints":{"allow":["GET"]}}],"collection":[{"href":"https:\/\/eurekamaths.fr\/wpe\/index.php\/wp-json\/wp\/v2\/pages"}],"about":[{"href":"https:\/\/eurekamaths.fr\/wpe\/index.php\/wp-json\/wp\/v2\/types\/page"}],"author":[{"embeddable":true,"href":"https:\/\/eurekamaths.fr\/wpe\/index.php\/wp-json\/wp\/v2\/users\/4721"}],"replies":[{"embeddable":true,"href":"https:\/\/eurekamaths.fr\/wpe\/index.php\/wp-json\/wp\/v2\/comments?post=3066"}],"version-history":[{"count":8,"href":"https:\/\/eurekamaths.fr\/wpe\/index.php\/wp-json\/wp\/v2\/pages\/3066\/revisions"}],"predecessor-version":[{"id":3229,"href":"https:\/\/eurekamaths.fr\/wpe\/index.php\/wp-json\/wp\/v2\/pages\/3066\/revisions\/3229"}],"wp:attachment":[{"href":"https:\/\/eurekamaths.fr\/wpe\/index.php\/wp-json\/wp\/v2\/media?parent=3066"}],"curies":[{"name":"wp","href":"https:\/\/api.w.org\/{rel}","templated":true}]}}