{"id":2920,"date":"2025-11-30T15:57:48","date_gmt":"2025-11-30T14:57:48","guid":{"rendered":"https:\/\/eurekamaths.fr\/wpe\/?page_id=2920"},"modified":"2025-11-30T16:17:09","modified_gmt":"2025-11-30T15:17:09","slug":"2920-2","status":"publish","type":"page","link":"https:\/\/eurekamaths.fr\/wpe\/index.php\/le-concours-2\/2920-2\/","title":{"rendered":"Organiser la finale Eur\u00eakamaths dans sa classe (en BD)"},"content":{"rendered":"<p>Apr\u00e8s avoir cliqu\u00e9 sur la couverture de la BD, rafraichir la page qui s&rsquo;ouvre, plusieurs fois si n\u00e9cessaire, afin d&rsquo;afficher le PDF feuilletable.<\/p>\n<a href=\"https:\/\/eurekamaths.fr\/wpe\/mathisere\/Flipbook\/index.html\"><img decoding=\"async\" src=\"https:\/\/eurekamaths.fr\/wpe\/mathisere\/Flipbook\/data\/1.jpg\" width=\"300px\" target=\"_blank\"><\/a>\n","protected":false},"excerpt":{"rendered":"<p>Apr\u00e8s avoir cliqu\u00e9 sur la couverture de la BD, rafraichir la page qui s&rsquo;ouvre, plusieurs fois si n\u00e9cessaire, afin d&rsquo;afficher le PDF feuilletable.<\/p>\n","protected":false},"author":4721,"featured_media":0,"parent":151,"menu_order":0,"comment_status":"closed","ping_status":"closed","template":"","meta":{"footnotes":""},"class_list":["post-2920","page","type-page","status-publish"],"jetpack_sharing_enabled":true,"publishpress_future_action":{"enabled":false,"date":"2026-04-24 05:04:03","action":"change-status","newStatus":"draft","terms":[],"taxonomy":"","extraData":[]},"publishpress_future_workflow_manual_trigger":{"enabledWorkflows":[]},"_links":{"self":[{"href":"https:\/\/eurekamaths.fr\/wpe\/index.php\/wp-json\/wp\/v2\/pages\/2920","targetHints":{"allow":["GET"]}}],"collection":[{"href":"https:\/\/eurekamaths.fr\/wpe\/index.php\/wp-json\/wp\/v2\/pages"}],"about":[{"href":"https:\/\/eurekamaths.fr\/wpe\/index.php\/wp-json\/wp\/v2\/types\/page"}],"author":[{"embeddable":true,"href":"https:\/\/eurekamaths.fr\/wpe\/index.php\/wp-json\/wp\/v2\/users\/4721"}],"replies":[{"embeddable":true,"href":"https:\/\/eurekamaths.fr\/wpe\/index.php\/wp-json\/wp\/v2\/comments?post=2920"}],"version-history":[{"count":4,"href":"https:\/\/eurekamaths.fr\/wpe\/index.php\/wp-json\/wp\/v2\/pages\/2920\/revisions"}],"predecessor-version":[{"id":2925,"href":"https:\/\/eurekamaths.fr\/wpe\/index.php\/wp-json\/wp\/v2\/pages\/2920\/revisions\/2925"}],"up":[{"embeddable":true,"href":"https:\/\/eurekamaths.fr\/wpe\/index.php\/wp-json\/wp\/v2\/pages\/151"}],"wp:attachment":[{"href":"https:\/\/eurekamaths.fr\/wpe\/index.php\/wp-json\/wp\/v2\/media?parent=2920"}],"curies":[{"name":"wp","href":"https:\/\/api.w.org\/{rel}","templated":true}]}}