{"id":2912,"date":"2025-11-28T11:36:34","date_gmt":"2025-11-28T10:36:34","guid":{"rendered":"https:\/\/eurekamaths.fr\/wpe\/?page_id=2912"},"modified":"2025-12-02T16:00:07","modified_gmt":"2025-12-02T15:00:07","slug":"faire-un-don-a-lassociation","status":"publish","type":"page","link":"https:\/\/eurekamaths.fr\/wpe\/index.php\/faire-un-don-a-lassociation\/","title":{"rendered":"Faire un don \u00e0 l&rsquo;association"},"content":{"rendered":"<table style=\"background-color: #f8f0e1;\" width=\"100%\" cellspacing=\"0\" border=\"0\">\n<tbody>\n<tr border=\"0\">\n<td width=\"40%\" border=\"0\"><img loading=\"lazy\" decoding=\"async\" width=\"453\" height=\"246\" class=\"alignnone size-full wp-image-2930\" src=\"https:\/\/eurekamaths.fr\/wpe\/wp-content\/uploads\/2025\/12\/moi-je-veux-etre-maitre-du-temps3.couleurs.png\" srcset=\"https:\/\/eurekamaths.fr\/wpe\/wp-content\/uploads\/2025\/12\/moi-je-veux-etre-maitre-du-temps3.couleurs.png 453w, https:\/\/eurekamaths.fr\/wpe\/wp-content\/uploads\/2025\/12\/moi-je-veux-etre-maitre-du-temps3.couleurs-300x163.png 300w\" sizes=\"auto, (max-width: 453px) 100vw, 453px\" \/><\/td>\n<td border=\"0\">\n<h4><span style=\"color: #579b8e;\"><strong>Un don pour Eur\u00eakaMaths<\/strong><\/span><\/h4>\n<div><strong>Afin que notre association puisse fournir encore et toujours plus de ressources math\u00e9matiques pour les classes, soutenez-la en faisant un don ouvrant droit \u00e0 une d\u00e9duction fiscale<\/strong><\/div>\n<\/td>\n<\/tr>\n<\/tbody>\n<\/table>\n<p><span class=\"im\"><b>Eur\u00eakaMaths<\/b> est une association de b\u00e9n\u00e9voles loi 1901 \u00e0 but non lucratif\u00a0reconnue d\u2019int\u00e9r\u00eat g\u00e9n\u00e9ral.<br \/>\n<b>Eur\u00eakaMaths<\/b>\u00a0offre chaque ann\u00e9e \u00e0 des milliers d\u2019\u00e9l\u00e8ves et d\u2019enseignants des outils math\u00e9matiques innovants et\u00a0gratuits.<\/span><\/p>\n<p>Pour maintenir et d\u00e9velopper ces services,\u00a0<b>nous avons besoin de votre soutien financier<\/b>.<\/p>\n<p>En nous aidant ainsi, vous contribuez directement \u00e0 :<\/p>\n<ul>\n<li>garantir un acc\u00e8s continu \u00e0 nos ressources ;<\/li>\n<li>d\u00e9velopper de nouveaux outils adapt\u00e9s aux besoins de tous les \u00e9l\u00e8ves ;<\/li>\n<li>proposer encore davantage de ressources libres et gratuites.<\/li>\n<\/ul>\n<div class=\"adL\">\n<div class=\"adm\"><\/div>\n<div class=\"im\">\n<p><span style=\"color: #000000;\">Votre <span class=\"il\">don<\/span> vous donne droit \u00e0\u00a0<\/span><b>66\u00a0% de r\u00e9duction d\u2019imp\u00f4ts<\/b><span style=\"color: #000000;\">.<\/span><br \/>\n<span style=\"color: #000000;\">Remarque : seul\u00a0<\/span><b>HelloAsso<\/b><span style=\"color: #000000;\">\u00a0vous permettra d\u2019obtenir automatiquement\u00a0<\/span><b>un re\u00e7u fiscal<\/b><span style=\"color: #000000;\">.<\/span><br \/>\n<span style=\"color: #000000;\">Nous comptons sur votre participation pour p\u00e9renniser notre action.<\/span><\/p>\n\t\t\t<iframe\n\t\t\t\tid=\"idIframe\"\n\t\t\t\tsrc=\"https:\/\/www.helloasso.com\/associations\/association-eurekamaths\/formulaires\/1\/widget\"\n\t\t\t\theight=900px\"\t\t\t\twidth=100%\"\t\t\t\tframeborder=\"0\"\n\t\t\t\tloading=\"lazy\"\n\t\t\t\tallowtransparency=\"true\"\n\t\t\t\tonload=\"resizeIframeMessage()\"><\/iframe>\n\n<p><b><img decoding=\"async\" class=\"an1\" draggable=\"false\" src=\"https:\/\/fonts.gstatic.com\/s\/e\/notoemoji\/16.0\/2764_fe0f\/32.png\" alt=\"\u2764\ufe0f\" data-emoji=\"\u2764\ufe0f\" aria-label=\"\u2764\ufe0f\" \/> Merci <\/b><b>de votre soutien<\/b><b> !<\/b><\/p>\n<\/div>\n<\/div>\n","protected":false},"excerpt":{"rendered":"<p>Un don pour Eur\u00eakaMaths Afin que notre association puisse fournir encore et toujours plus de ressources math\u00e9matiques pour les classes, soutenez-la en faisant un don ouvrant droit \u00e0 une d\u00e9duction fiscale Eur\u00eakaMaths est une association de b\u00e9n\u00e9voles loi 1901 \u00e0 but non lucratif\u00a0reconnue d\u2019int\u00e9r\u00eat g\u00e9n\u00e9ral. Eur\u00eakaMaths\u00a0offre chaque ann\u00e9e \u00e0 des milliers d\u2019\u00e9l\u00e8ves et d\u2019enseignants des &#8230; <a title=\"Faire un don \u00e0 l&rsquo;association\" class=\"read-more\" href=\"https:\/\/eurekamaths.fr\/wpe\/index.php\/faire-un-don-a-lassociation\/\" aria-label=\"En savoir plus sur Faire un don \u00e0 l&rsquo;association\">Lire la suite<\/a><\/p>\n","protected":false},"author":4721,"featured_media":0,"parent":0,"menu_order":0,"comment_status":"closed","ping_status":"closed","template":"","meta":{"footnotes":""},"class_list":["post-2912","page","type-page","status-publish"],"jetpack_sharing_enabled":true,"publishpress_future_action":{"enabled":false,"date":"2026-05-07 23:05:38","action":"change-status","newStatus":"draft","terms":[],"taxonomy":"","extraData":[]},"publishpress_future_workflow_manual_trigger":{"enabledWorkflows":[]},"_links":{"self":[{"href":"https:\/\/eurekamaths.fr\/wpe\/index.php\/wp-json\/wp\/v2\/pages\/2912","targetHints":{"allow":["GET"]}}],"collection":[{"href":"https:\/\/eurekamaths.fr\/wpe\/index.php\/wp-json\/wp\/v2\/pages"}],"about":[{"href":"https:\/\/eurekamaths.fr\/wpe\/index.php\/wp-json\/wp\/v2\/types\/page"}],"author":[{"embeddable":true,"href":"https:\/\/eurekamaths.fr\/wpe\/index.php\/wp-json\/wp\/v2\/users\/4721"}],"replies":[{"embeddable":true,"href":"https:\/\/eurekamaths.fr\/wpe\/index.php\/wp-json\/wp\/v2\/comments?post=2912"}],"version-history":[{"count":9,"href":"https:\/\/eurekamaths.fr\/wpe\/index.php\/wp-json\/wp\/v2\/pages\/2912\/revisions"}],"predecessor-version":[{"id":2933,"href":"https:\/\/eurekamaths.fr\/wpe\/index.php\/wp-json\/wp\/v2\/pages\/2912\/revisions\/2933"}],"wp:attachment":[{"href":"https:\/\/eurekamaths.fr\/wpe\/index.php\/wp-json\/wp\/v2\/media?parent=2912"}],"curies":[{"name":"wp","href":"https:\/\/api.w.org\/{rel}","templated":true}]}}