{"id":2,"date":"2022-06-02T07:57:26","date_gmt":"2022-06-02T06:57:26","guid":{"rendered":"https:\/\/scolabox.fr\/eurekamaths\/?page_id=2"},"modified":"2024-03-10T10:21:03","modified_gmt":"2024-03-10T09:21:03","slug":"inscription-2","status":"publish","type":"page","link":"https:\/\/eurekamaths.fr\/wpe\/index.php\/le-concours-2\/inscription-2\/","title":{"rendered":"Inscription"},"content":{"rendered":"<div class=\"members-access-error\">D\u00e9sol\u00e9, seuls les utilisateurs connect\u00e9s peuvent afficher.<\/p>\n<p><a href=\"https:\/\/eurekamaths.fr\/wpe\/wp-login.php?\">Connectez-vous ou inscrivez-vous \u00e0 ce site<\/a> pour b\u00e9n\u00e9ficier de ce contenu et de bien d&rsquo;autres.<\/div>\n","protected":false},"excerpt":{"rendered":"<div class=\"members-access-error\">D\u00e9sol\u00e9, seuls les utilisateurs connect\u00e9s peuvent afficher.<\/p>\n<p><a href=\"https:\/\/eurekamaths.fr\/wpe\/wp-login.php?\">Connectez-vous ou inscrivez-vous \u00e0 ce site<\/a> pour b\u00e9n\u00e9ficier de ce contenu et de bien d&rsquo;autres.<\/div>\n","protected":false},"author":1,"featured_media":0,"parent":151,"menu_order":0,"comment_status":"closed","ping_status":"closed","template":"","meta":{"footnotes":""},"class_list":["post-2","page","type-page","status-publish"],"jetpack_sharing_enabled":true,"publishpress_future_action":{"enabled":false,"date":"2026-05-14 13:59:55","action":"change-status","newStatus":"draft","terms":[],"taxonomy":"","extraData":[]},"publishpress_future_workflow_manual_trigger":{"enabledWorkflows":[]},"_links":{"self":[{"href":"https:\/\/eurekamaths.fr\/wpe\/index.php\/wp-json\/wp\/v2\/pages\/2","targetHints":{"allow":["GET"]}}],"collection":[{"href":"https:\/\/eurekamaths.fr\/wpe\/index.php\/wp-json\/wp\/v2\/pages"}],"about":[{"href":"https:\/\/eurekamaths.fr\/wpe\/index.php\/wp-json\/wp\/v2\/types\/page"}],"author":[{"embeddable":true,"href":"https:\/\/eurekamaths.fr\/wpe\/index.php\/wp-json\/wp\/v2\/users\/1"}],"replies":[{"embeddable":true,"href":"https:\/\/eurekamaths.fr\/wpe\/index.php\/wp-json\/wp\/v2\/comments?post=2"}],"version-history":[{"count":41,"href":"https:\/\/eurekamaths.fr\/wpe\/index.php\/wp-json\/wp\/v2\/pages\/2\/revisions"}],"predecessor-version":[{"id":1998,"href":"https:\/\/eurekamaths.fr\/wpe\/index.php\/wp-json\/wp\/v2\/pages\/2\/revisions\/1998"}],"up":[{"embeddable":true,"href":"https:\/\/eurekamaths.fr\/wpe\/index.php\/wp-json\/wp\/v2\/pages\/151"}],"wp:attachment":[{"href":"https:\/\/eurekamaths.fr\/wpe\/index.php\/wp-json\/wp\/v2\/media?parent=2"}],"curies":[{"name":"wp","href":"https:\/\/api.w.org\/{rel}","templated":true}]}}