{"id":183,"date":"2024-09-18T18:23:43","date_gmt":"2024-09-18T17:23:43","guid":{"rendered":"https:\/\/eurekamaths.fr\/wpe\/?page_id=183"},"modified":"2025-09-11T09:49:56","modified_gmt":"2025-09-11T08:49:56","slug":"calendrier","status":"publish","type":"page","link":"https:\/\/eurekamaths.fr\/wpe\/index.php\/le-concours-2\/calendrier\/","title":{"rendered":"Calendrier"},"content":{"rendered":"<div class=\"texte\" dir=\"ltr\">\n<p>Les quatre premi\u00e8res \u00e9preuves sont destin\u00e9es \u00e0 l\u2019entrainement. Rien n\u2019est \u00e0 envoyer.<\/p>\n<p>Calendrier des mises en ligne\u00a0:<\/p>\n<ul>\n<li>\u00c9preuve 1 : 3 novembre 2025<\/li>\n<li>\u00c9preuve 2 : 5 janvier 2026<\/li>\n<li>\u00c9preuve 3 : 2 mars 2026<\/li>\n<li>\u00c9preuve 4 : 27 avril 2026<\/li>\n<li>Finales locales : du 1 au 5 juin inclus 2026<\/li>\n<li>Finale nationale : du 8 au 28 juin inclus 2026<\/li>\n<\/ul>\n<\/div>\n","protected":false},"excerpt":{"rendered":"<p>Les quatre premi\u00e8res \u00e9preuves sont destin\u00e9es \u00e0 l\u2019entrainement. Rien n\u2019est \u00e0 envoyer. Calendrier des mises en ligne\u00a0: \u00c9preuve 1 : 3 novembre 2025 \u00c9preuve 2 : 5 janvier 2026 \u00c9preuve 3 : 2 mars 2026 \u00c9preuve 4 : 27 avril 2026 Finales locales : du 1 au 5 juin inclus 2026 Finale nationale : du &#8230; <a title=\"Calendrier\" class=\"read-more\" href=\"https:\/\/eurekamaths.fr\/wpe\/index.php\/le-concours-2\/calendrier\/\" aria-label=\"En savoir plus sur Calendrier\">Lire la suite<\/a><\/p>\n","protected":false},"author":4721,"featured_media":0,"parent":151,"menu_order":0,"comment_status":"closed","ping_status":"closed","template":"","meta":{"footnotes":""},"class_list":["post-183","page","type-page","status-publish"],"jetpack_sharing_enabled":true,"publishpress_future_action":{"enabled":false,"date":"2026-04-24 06:18:38","action":"change-status","newStatus":"draft","terms":[],"taxonomy":"","extraData":[]},"publishpress_future_workflow_manual_trigger":{"enabledWorkflows":[]},"_links":{"self":[{"href":"https:\/\/eurekamaths.fr\/wpe\/index.php\/wp-json\/wp\/v2\/pages\/183","targetHints":{"allow":["GET"]}}],"collection":[{"href":"https:\/\/eurekamaths.fr\/wpe\/index.php\/wp-json\/wp\/v2\/pages"}],"about":[{"href":"https:\/\/eurekamaths.fr\/wpe\/index.php\/wp-json\/wp\/v2\/types\/page"}],"author":[{"embeddable":true,"href":"https:\/\/eurekamaths.fr\/wpe\/index.php\/wp-json\/wp\/v2\/users\/4721"}],"replies":[{"embeddable":true,"href":"https:\/\/eurekamaths.fr\/wpe\/index.php\/wp-json\/wp\/v2\/comments?post=183"}],"version-history":[{"count":7,"href":"https:\/\/eurekamaths.fr\/wpe\/index.php\/wp-json\/wp\/v2\/pages\/183\/revisions"}],"predecessor-version":[{"id":2753,"href":"https:\/\/eurekamaths.fr\/wpe\/index.php\/wp-json\/wp\/v2\/pages\/183\/revisions\/2753"}],"up":[{"embeddable":true,"href":"https:\/\/eurekamaths.fr\/wpe\/index.php\/wp-json\/wp\/v2\/pages\/151"}],"wp:attachment":[{"href":"https:\/\/eurekamaths.fr\/wpe\/index.php\/wp-json\/wp\/v2\/media?parent=183"}],"curies":[{"name":"wp","href":"https:\/\/api.w.org\/{rel}","templated":true}]}}